{"id":5409,"date":"2022-09-03T18:31:41","date_gmt":"2022-09-03T18:31:41","guid":{"rendered":"https:\/\/ncloud.swiss\/fr\/?page_id=5409"},"modified":"2023-08-29T18:10:53","modified_gmt":"2023-08-29T18:10:53","slug":"legal-notice","status":"publish","type":"page","link":"https:\/\/ncloud.swiss\/fr\/legal-notice\/","title":{"rendered":"Mention L\u00e9gale"},"content":{"rendered":"<style>.elementor-5409 .elementor-element.elementor-element-b2251bf:not(.elementor-motion-effects-element-type-background), .elementor-5409 .elementor-element.elementor-element-b2251bf > .elementor-motion-effects-container > .elementor-motion-effects-layer{background-color:transparent;background-image:radial-gradient(at center center, var( --e-global-color-4e0a737 ) 0%, var( --e-global-color-16936c0 ) 100%);}.elementor-5409 .elementor-element.elementor-element-b2251bf{transition:background 0.3s, border 0.3s, border-radius 0.3s, box-shadow 0.3s;padding:25px 0px 25px 0px;}.elementor-5409 .elementor-element.elementor-element-b2251bf > .elementor-background-overlay{transition:background 0.3s, border-radius 0.3s, opacity 0.3s;}.elementor-widget-heading .elementor-heading-title{font-family:var( --e-global-typography-primary-font-family ), Sans-serif;font-weight:var( --e-global-typography-primary-font-weight );color:var( --e-global-color-primary );}.elementor-5409 .elementor-element.elementor-element-0b2019e .elementor-heading-title{font-family:\"Roboto\", Sans-serif;font-size:2em;font-weight:400;letter-spacing:-0.5px;color:#FFFFFF;}.elementor-5409 .elementor-element.elementor-element-d49afb2 > .elementor-container{max-width:1170px;}.elementor-5409 .elementor-element.elementor-element-d49afb2 > .elementor-background-overlay{opacity:0.41;}.elementor-5409 .elementor-element.elementor-element-d49afb2{margin-top:10px;margin-bottom:100px;padding:30px 0px 30px 0px;}.elementor-widget-text-editor{font-family:var( --e-global-typography-text-font-family ), Sans-serif;font-weight:var( --e-global-typography-text-font-weight );color:var( --e-global-color-text );}.elementor-widget-text-editor.elementor-drop-cap-view-stacked .elementor-drop-cap{background-color:var( --e-global-color-primary );}.elementor-widget-text-editor.elementor-drop-cap-view-framed .elementor-drop-cap, .elementor-widget-text-editor.elementor-drop-cap-view-default .elementor-drop-cap{color:var( --e-global-color-primary );border-color:var( --e-global-color-primary );}.elementor-5409 .elementor-element.elementor-element-f74f354{text-align:center;font-family:\"Roboto\", Sans-serif;font-size:1.6em;color:var( --e-global-color-ba5fa0f );}@media(max-width:767px){.elementor-5409 .elementor-element.elementor-element-d49afb2{padding:40px 0px 0px 0px;}.elementor-5409 .elementor-element.elementor-element-f74f354 > .elementor-widget-container{padding:0px 20px 0px 20px;}}<\/style>\t\t<div data-elementor-type=\"wp-page\" data-elementor-id=\"5409\" class=\"elementor elementor-5409\">\n\t\t\t\t\t\t<section class=\"elementor-section elementor-top-section elementor-element elementor-element-b2251bf elementor-section-boxed elementor-section-height-default elementor-section-height-default\" data-id=\"b2251bf\" data-element_type=\"section\" data-e-type=\"section\" data-settings=\"{&quot;background_background&quot;:&quot;gradient&quot;}\">\n\t\t\t\t\t\t<div class=\"elementor-container elementor-column-gap-default\">\n\t\t\t\t\t<div class=\"elementor-column elementor-col-100 elementor-top-column elementor-element elementor-element-4e5c81a\" data-id=\"4e5c81a\" data-element_type=\"column\" data-e-type=\"column\">\n\t\t\t<div class=\"elementor-widget-wrap elementor-element-populated\">\n\t\t\t\t\t\t<div class=\"elementor-element elementor-element-0b2019e elementor-widget elementor-widget-heading\" data-id=\"0b2019e\" data-element_type=\"widget\" data-e-type=\"widget\" data-widget_type=\"heading.default\">\n\t\t\t\t<div class=\"elementor-widget-container\">\n\t\t\t\t\t<h1 class=\"elementor-heading-title elementor-size-default\">Imprimer<\/h1>\t\t\t\t<\/div>\n\t\t\t\t<\/div>\n\t\t\t\t\t<\/div>\n\t\t<\/div>\n\t\t\t\t\t<\/div>\n\t\t<\/section>\n\t\t\t\t<section class=\"elementor-section elementor-top-section elementor-element elementor-element-d49afb2 elementor-section-boxed elementor-section-height-default elementor-section-height-default\" data-id=\"d49afb2\" data-element_type=\"section\" data-e-type=\"section\">\n\t\t\t\t\t\t\t<div class=\"elementor-background-overlay\"><\/div>\n\t\t\t\t\t\t\t<div class=\"elementor-container elementor-column-gap-default\">\n\t\t\t\t\t<div class=\"elementor-column elementor-col-100 elementor-top-column elementor-element elementor-element-f38be3d\" data-id=\"f38be3d\" data-element_type=\"column\" data-e-type=\"column\">\n\t\t\t<div class=\"elementor-widget-wrap elementor-element-populated\">\n\t\t\t\t\t\t<div class=\"elementor-element elementor-element-f74f354 elementor-widget elementor-widget-text-editor\" data-id=\"f74f354\" data-element_type=\"widget\" data-e-type=\"widget\" data-widget_type=\"text-editor.default\">\n\t\t\t\t<div class=\"elementor-widget-container\">\n\t\t\t\t\t\t\t\t\t<p><strong>Contact<\/strong><\/p>\n<p>n\u2019cloud.swiss AG.<br>Zelglistrasse 273<br>CH-5705 Hallwil<\/p>\n<p>T\u00e9l\u00e9phoner: +41 62 511 8282<\/p>\n<p>E-Mail: info@ncloud.swiss<\/p>\n<p>Demandes d&#8217;assistance:<br>support@ncloud.swiss<\/p>\n<p><strong>Propri\u00e9taire d&#8217;entreprise:<\/strong><br>Andr\u00e9 Matter<\/p>\n<p><strong>Responsabilit\u00e9 pour les liens<\/strong><\/p>\n<p>Notre offre peut contenir des liens vers des sites Web externes de tiers, sur le contenu desquels nous n&#8217;avons aucune influence. Par cons\u00e9quent, nous ne pouvons assumer aucune responsabilit\u00e9 pour ces contenus externes. Le fournisseur ou l&#8217;exploitant respectif du site est toujours responsable du contenu des pages li\u00e9es. Les pages li\u00e9es ont \u00e9t\u00e9 v\u00e9rifi\u00e9es pour d&#8217;\u00e9ventuelles violations de la loi au moment de la liaison. Les contenus ill\u00e9gaux n&#8217;\u00e9taient pas reconnaissables au moment de la cr\u00e9ation du lien. Cependant, un contr\u00f4le permanent du contenu des pages li\u00e9es n&#8217;est pas raisonnable sans preuve concr\u00e8te d&#8217;une violation de la loi. Si nous prenons connaissance d&#8217;infractions, nous supprimerons imm\u00e9diatement ces liens.<\/p>\n<p><strong>Droits d&#8217;auteur<\/strong><\/p>\n<p>Tous les contenus de ce site Web sont soumis au droit d&#8217;auteur. La duplication, le traitement, la distribution ou toute forme de commercialisation de ce mat\u00e9riel au-del\u00e0 du champ d&#8217;application de la loi sur le droit d&#8217;auteur n\u00e9cessite le consentement \u00e9crit pr\u00e9alable de son auteur ou cr\u00e9ateur respectif.<\/p>\t\t\t\t\t\t\t\t<\/div>\n\t\t\t\t<\/div>\n\t\t\t\t\t<\/div>\n\t\t<\/div>\n\t\t\t\t\t<\/div>\n\t\t<\/section>\n\t\t\t\t<\/div>\n\t\t","protected":false},"excerpt":{"rendered":"<p>Imprimer Contact n\u2019cloud.swiss AG.Zelglistrasse 273CH-5705 Hallwil T\u00e9l\u00e9phoner: +41 62 511 8282 E-Mail: info@ncloud.swiss Demandes d&#8217;assistance:support@ncloud.swiss Propri\u00e9taire d&#8217;entreprise:Andr\u00e9 Matter Responsabilit\u00e9 pour les liens Notre offre peut contenir des liens vers des sites Web externes de tiers, sur le contenu desquels nous n&#8217;avons aucune influence. Par cons\u00e9quent, nous ne pouvons assumer aucune responsabilit\u00e9 pour ces contenus externes&#8230;.<\/p>\n","protected":false},"author":2,"featured_media":5539,"parent":0,"menu_order":6,"comment_status":"closed","ping_status":"closed","template":"","meta":{"_seopress_robots_primary_cat":"","_seopress_titles_title":"%%title%% %%sep%% %%sitename%%","_seopress_titles_desc":"L&#039;avis juridique comprend g\u00e9n\u00e9ralement des informations telles que les conditions d&#039;utilisation, les avis de droit d&#039;auteur et de marque, et toute limitation de responsabilit\u00e9.","_seopress_robots_index":"","_kad_blocks_custom_css":"","_kad_blocks_head_custom_js":"","_kad_blocks_body_custom_js":"","_kad_blocks_footer_custom_js":"","_kadence_starter_templates_imported_post":false,"_kad_post_transparent":"","_kad_post_title":"","_kad_post_layout":"","_kad_post_sidebar_id":"","_kad_post_content_style":"","_kad_post_vertical_padding":"","_kad_post_feature":"","_kad_post_feature_position":"","_kad_post_header":false,"_kad_post_footer":false,"footnotes":""},"class_list":["post-5409","page","type-page","status-publish","has-post-thumbnail","hentry"],"taxonomy_info":[],"featured_image_src_large":["https:\/\/ncloud.swiss\/fr\/wp-content\/uploads\/2022\/09\/legal-notice-nguard.swiss_-1024x595.png",1024,595,true],"author_info":{"display_name":"Info Team","author_link":"https:\/\/ncloud.swiss\/fr\/author\/infoteam\/"},"comment_info":0,"_links":{"self":[{"href":"https:\/\/ncloud.swiss\/fr\/wp-json\/wp\/v2\/pages\/5409","targetHints":{"allow":["GET"]}}],"collection":[{"href":"https:\/\/ncloud.swiss\/fr\/wp-json\/wp\/v2\/pages"}],"about":[{"href":"https:\/\/ncloud.swiss\/fr\/wp-json\/wp\/v2\/types\/page"}],"author":[{"embeddable":true,"href":"https:\/\/ncloud.swiss\/fr\/wp-json\/wp\/v2\/users\/2"}],"replies":[{"embeddable":true,"href":"https:\/\/ncloud.swiss\/fr\/wp-json\/wp\/v2\/comments?post=5409"}],"version-history":[{"count":11,"href":"https:\/\/ncloud.swiss\/fr\/wp-json\/wp\/v2\/pages\/5409\/revisions"}],"predecessor-version":[{"id":6887,"href":"https:\/\/ncloud.swiss\/fr\/wp-json\/wp\/v2\/pages\/5409\/revisions\/6887"}],"wp:featuredmedia":[{"embeddable":true,"href":"https:\/\/ncloud.swiss\/fr\/wp-json\/wp\/v2\/media\/5539"}],"wp:attachment":[{"href":"https:\/\/ncloud.swiss\/fr\/wp-json\/wp\/v2\/media?parent=5409"}],"curies":[{"name":"wp","href":"https:\/\/api.w.org\/{rel}","templated":true}]}}